{"id":98,"date":"2024-05-27T17:24:58","date_gmt":"2024-05-27T17:24:58","guid":{"rendered":"https:\/\/agroypunto.com\/?page_id=98"},"modified":"2024-06-17T16:32:20","modified_gmt":"2024-06-17T16:32:20","slug":"servicios","status":"publish","type":"page","link":"https:\/\/agroypunto.com\/index.php\/servicios\/","title":{"rendered":"Servicios"},"content":{"rendered":"\t\t<div data-elementor-type=\"wp-page\" data-elementor-id=\"98\" class=\"elementor elementor-98\" data-elementor-post-type=\"page\">\n\t\t\t\t\t\t<section class=\"elementor-section elementor-top-section elementor-element elementor-element-c9a5b02 elementor-section-boxed elementor-section-height-default elementor-section-height-default\" data-id=\"c9a5b02\" data-element_type=\"section\" data-settings=\"{&quot;background_background&quot;:&quot;classic&quot;}\">\n\t\t\t\t\t\t\t<div class=\"elementor-background-overlay\"><\/div>\n\t\t\t\t\t\t\t<div class=\"elementor-container elementor-column-gap-default\">\n\t\t\t\t\t<div class=\"elementor-column elementor-col-100 elementor-top-column elementor-element elementor-element-40493e\" data-id=\"40493e\" data-element_type=\"column\">\n\t\t\t<div class=\"elementor-widget-wrap elementor-element-populated\">\n\t\t\t\t\t\t<div class=\"elementor-element elementor-element-583da56f elementor-widget elementor-widget-heading\" data-id=\"583da56f\" data-element_type=\"widget\" data-widget_type=\"heading.default\">\n\t\t\t\t<div class=\"elementor-widget-container\">\n\t\t\t<style>\/*! elementor - v3.21.0 - 26-05-2024 *\/\n.elementor-heading-title{padding:0;margin:0;line-height:1}.elementor-widget-heading .elementor-heading-title[class*=elementor-size-]>a{color:inherit;font-size:inherit;line-height:inherit}.elementor-widget-heading .elementor-heading-title.elementor-size-small{font-size:15px}.elementor-widget-heading .elementor-heading-title.elementor-size-medium{font-size:19px}.elementor-widget-heading .elementor-heading-title.elementor-size-large{font-size:29px}.elementor-widget-heading .elementor-heading-title.elementor-size-xl{font-size:39px}.elementor-widget-heading .elementor-heading-title.elementor-size-xxl{font-size:59px}<\/style><h1 class=\"elementor-heading-title elementor-size-default\">Servicios<\/h1>\t\t<\/div>\n\t\t\t\t<\/div>\n\t\t\t\t\t<\/div>\n\t\t<\/div>\n\t\t\t\t\t<\/div>\n\t\t<\/section>\n\t\t\t\t<section class=\"elementor-section elementor-top-section elementor-element elementor-element-8c1f9a6 elementor-section-content-middle elementor-section-boxed elementor-section-height-default elementor-section-height-default\" data-id=\"8c1f9a6\" data-element_type=\"section\">\n\t\t\t\t\t\t<div class=\"elementor-container elementor-column-gap-default\">\n\t\t\t\t\t<div class=\"elementor-column elementor-col-50 elementor-top-column elementor-element elementor-element-1ef0ac3e\" data-id=\"1ef0ac3e\" data-element_type=\"column\">\n\t\t\t<div class=\"elementor-widget-wrap elementor-element-populated\">\n\t\t\t\t\t\t<div class=\"elementor-element elementor-element-70f4a88b elementor-widget elementor-widget-image\" data-id=\"70f4a88b\" data-element_type=\"widget\" data-widget_type=\"image.default\">\n\t\t\t\t<div class=\"elementor-widget-container\">\n\t\t\t<style>\/*! elementor - v3.21.0 - 26-05-2024 *\/\n.elementor-widget-image{text-align:center}.elementor-widget-image a{display:inline-block}.elementor-widget-image a img[src$=\".svg\"]{width:48px}.elementor-widget-image img{vertical-align:middle;display:inline-block}<\/style>\t\t\t\t\t\t\t\t\t\t<img fetchpriority=\"high\" decoding=\"async\" width=\"1024\" height=\"683\" src=\"https:\/\/agroypunto.com\/wp-content\/uploads\/2024\/06\/portrait-of-serios-senior-businessman-man-with-gra-2023-11-27-05-24-41-utc-1024x683.jpg\" class=\"attachment-large size-large wp-image-977\" alt=\"\" srcset=\"https:\/\/agroypunto.com\/wp-content\/uploads\/2024\/06\/portrait-of-serios-senior-businessman-man-with-gra-2023-11-27-05-24-41-utc-1024x683.jpg 1024w, https:\/\/agroypunto.com\/wp-content\/uploads\/2024\/06\/portrait-of-serios-senior-businessman-man-with-gra-2023-11-27-05-24-41-utc-300x200.jpg 300w, https:\/\/agroypunto.com\/wp-content\/uploads\/2024\/06\/portrait-of-serios-senior-businessman-man-with-gra-2023-11-27-05-24-41-utc-768x512.jpg 768w, https:\/\/agroypunto.com\/wp-content\/uploads\/2024\/06\/portrait-of-serios-senior-businessman-man-with-gra-2023-11-27-05-24-41-utc-1536x1024.jpg 1536w, https:\/\/agroypunto.com\/wp-content\/uploads\/2024\/06\/portrait-of-serios-senior-businessman-man-with-gra-2023-11-27-05-24-41-utc-2048x1365.jpg 2048w\" sizes=\"(max-width: 1024px) 100vw, 1024px\" \/>\t\t\t\t\t\t\t\t\t\t\t\t\t<\/div>\n\t\t\t\t<\/div>\n\t\t\t\t\t<\/div>\n\t\t<\/div>\n\t\t\t\t<div class=\"elementor-column elementor-col-50 elementor-top-column elementor-element elementor-element-715c379f\" data-id=\"715c379f\" data-element_type=\"column\">\n\t\t\t<div class=\"elementor-widget-wrap elementor-element-populated\">\n\t\t\t\t\t\t<div class=\"elementor-element elementor-element-695079a3 elementor-widget elementor-widget-heading\" data-id=\"695079a3\" data-element_type=\"widget\" data-widget_type=\"heading.default\">\n\t\t\t\t<div class=\"elementor-widget-container\">\n\t\t\t<h2 class=\"elementor-heading-title elementor-size-default\">Venta de Maquinaria Agr\u00edcola.<\/h2>\t\t<\/div>\n\t\t\t\t<\/div>\n\t\t\t\t<div class=\"elementor-element elementor-element-3cf0a75b elementor-widget elementor-widget-text-editor\" data-id=\"3cf0a75b\" data-element_type=\"widget\" data-widget_type=\"text-editor.default\">\n\t\t\t\t<div class=\"elementor-widget-container\">\n\t\t\t<style>\/*! elementor - v3.21.0 - 26-05-2024 *\/\n.elementor-widget-text-editor.elementor-drop-cap-view-stacked .elementor-drop-cap{background-color:#69727d;color:#fff}.elementor-widget-text-editor.elementor-drop-cap-view-framed .elementor-drop-cap{color:#69727d;border:3px solid;background-color:transparent}.elementor-widget-text-editor:not(.elementor-drop-cap-view-default) .elementor-drop-cap{margin-top:8px}.elementor-widget-text-editor:not(.elementor-drop-cap-view-default) .elementor-drop-cap-letter{width:1em;height:1em}.elementor-widget-text-editor .elementor-drop-cap{float:left;text-align:center;line-height:1;font-size:50px}.elementor-widget-text-editor .elementor-drop-cap-letter{display:inline-block}<\/style>\t\t\t\t<p>Ofrecemos una amplia gama de maquinaria agr\u00edcola de alta calidad, dise\u00f1ada para satisfacer diversas necesidades. Nuestra maquinaria incluye tractores, cosechadoras, sembradoras y equipos de riego, entre otros. Todos nuestros productos est\u00e1n fabricados con los m\u00e1s altos est\u00e1ndares de calidad para garantizar su durabilidad y eficiencia en el campo. Adem\u00e1s, contamos con opciones de financiamiento y asesor\u00eda personalizada para ayudar a nuestros clientes a encontrar la maquinaria que mejor se adapte a sus requerimientos espec\u00edficos.<\/p>\t\t\t\t\t\t<\/div>\n\t\t\t\t<\/div>\n\t\t\t\t<div class=\"elementor-element elementor-element-4d232852 elementor-widget elementor-widget-button\" data-id=\"4d232852\" data-element_type=\"widget\" data-widget_type=\"button.default\">\n\t\t\t\t<div class=\"elementor-widget-container\">\n\t\t\t\t\t<div class=\"elementor-button-wrapper\">\n\t\t\t<a class=\"elementor-button elementor-button-link elementor-size-sm\" href=\"https:\/\/agroypunto.com\/index.php\/sobre-nosotros\/\">\n\t\t\t\t\t\t<span class=\"elementor-button-content-wrapper\">\n\t\t\t\t\t\t<span class=\"elementor-button-icon elementor-align-icon-left\">\n\t\t\t\t<i aria-hidden=\"true\" class=\"icon icon-right-arrow\"><\/i>\t\t\t<\/span>\n\t\t\t\t\t\t\t\t\t<span class=\"elementor-button-text\">Cont\u00e1ctanos<\/span>\n\t\t\t\t\t<\/span>\n\t\t\t\t\t<\/a>\n\t\t<\/div>\n\t\t\t\t<\/div>\n\t\t\t\t<\/div>\n\t\t\t\t\t<\/div>\n\t\t<\/div>\n\t\t\t\t\t<\/div>\n\t\t<\/section>\n\t\t\t\t<section class=\"elementor-section elementor-top-section elementor-element elementor-element-759f514 elementor-section-content-middle elementor-section-boxed elementor-section-height-default elementor-section-height-default\" data-id=\"759f514\" data-element_type=\"section\">\n\t\t\t\t\t\t<div class=\"elementor-container elementor-column-gap-default\">\n\t\t\t\t\t<div class=\"elementor-column elementor-col-50 elementor-top-column elementor-element elementor-element-8985109\" data-id=\"8985109\" data-element_type=\"column\">\n\t\t\t<div class=\"elementor-widget-wrap elementor-element-populated\">\n\t\t\t\t\t\t<div class=\"elementor-element elementor-element-be872a8 elementor-widget elementor-widget-image\" data-id=\"be872a8\" data-element_type=\"widget\" data-widget_type=\"image.default\">\n\t\t\t\t<div class=\"elementor-widget-container\">\n\t\t\t\t\t\t\t\t\t\t\t\t\t<img decoding=\"async\" width=\"1024\" height=\"768\" src=\"https:\/\/agroypunto.com\/wp-content\/uploads\/2024\/05\/550-14-1024x768.jpeg\" class=\"attachment-large size-large wp-image-707\" alt=\"\" srcset=\"https:\/\/agroypunto.com\/wp-content\/uploads\/2024\/05\/550-14-1024x768.jpeg 1024w, https:\/\/agroypunto.com\/wp-content\/uploads\/2024\/05\/550-14-300x225.jpeg 300w, https:\/\/agroypunto.com\/wp-content\/uploads\/2024\/05\/550-14-768x576.jpeg 768w, https:\/\/agroypunto.com\/wp-content\/uploads\/2024\/05\/550-14-1536x1152.jpeg 1536w, https:\/\/agroypunto.com\/wp-content\/uploads\/2024\/05\/550-14-2048x1536.jpeg 2048w, https:\/\/agroypunto.com\/wp-content\/uploads\/2024\/05\/550-14-600x450.jpeg 600w\" sizes=\"(max-width: 1024px) 100vw, 1024px\" \/>\t\t\t\t\t\t\t\t\t\t\t\t\t<\/div>\n\t\t\t\t<\/div>\n\t\t\t\t\t<\/div>\n\t\t<\/div>\n\t\t\t\t<div class=\"elementor-column elementor-col-50 elementor-top-column elementor-element elementor-element-1060824\" data-id=\"1060824\" data-element_type=\"column\">\n\t\t\t<div class=\"elementor-widget-wrap elementor-element-populated\">\n\t\t\t\t\t\t<div class=\"elementor-element elementor-element-9358b67 elementor-widget elementor-widget-heading\" data-id=\"9358b67\" data-element_type=\"widget\" data-widget_type=\"heading.default\">\n\t\t\t\t<div class=\"elementor-widget-container\">\n\t\t\t<h2 class=\"elementor-heading-title elementor-size-default\">Servicio de Mantenimiento T\u00e9cnico Autorizado:<\/h2>\t\t<\/div>\n\t\t\t\t<\/div>\n\t\t\t\t<div class=\"elementor-element elementor-element-96556a2 elementor-widget elementor-widget-text-editor\" data-id=\"96556a2\" data-element_type=\"widget\" data-widget_type=\"text-editor.default\">\n\t\t\t\t<div class=\"elementor-widget-container\">\n\t\t\t\t\t\t\t<p>Proporcionamos mantenimiento t\u00e9cnico autorizado para todo tipo de maquinaria agr\u00edcola. Nuestro equipo de t\u00e9cnicos especializados est\u00e1 capacitado para realizar revisiones, reparaciones y actualizaciones, asegurando el rendimiento \u00f3ptimo y la durabilidad de los equipos. Utilizamos \u00fanicamente piezas y repuestos originales para garantizar la compatibilidad y la m\u00e1xima eficiencia de las m\u00e1quinas. Adem\u00e1s, ofrecemos contratos de mantenimiento preventivo para que nuestros clientes puedan planificar y controlar los costos de mantenimiento a lo largo del tiempo.<\/p>\t\t\t\t\t\t<\/div>\n\t\t\t\t<\/div>\n\t\t\t\t<div class=\"elementor-element elementor-element-b56b596 elementor-widget elementor-widget-button\" data-id=\"b56b596\" data-element_type=\"widget\" data-widget_type=\"button.default\">\n\t\t\t\t<div class=\"elementor-widget-container\">\n\t\t\t\t\t<div class=\"elementor-button-wrapper\">\n\t\t\t<a class=\"elementor-button elementor-button-link elementor-size-sm\" href=\"https:\/\/agroypunto.com\/index.php\/sobre-nosotros\/\">\n\t\t\t\t\t\t<span class=\"elementor-button-content-wrapper\">\n\t\t\t\t\t\t<span class=\"elementor-button-icon elementor-align-icon-left\">\n\t\t\t\t<i aria-hidden=\"true\" class=\"icon icon-right-arrow\"><\/i>\t\t\t<\/span>\n\t\t\t\t\t\t\t\t\t<span class=\"elementor-button-text\">Cont\u00e1ctanos<\/span>\n\t\t\t\t\t<\/span>\n\t\t\t\t\t<\/a>\n\t\t<\/div>\n\t\t\t\t<\/div>\n\t\t\t\t<\/div>\n\t\t\t\t\t<\/div>\n\t\t<\/div>\n\t\t\t\t\t<\/div>\n\t\t<\/section>\n\t\t\t\t<section class=\"elementor-section elementor-top-section elementor-element elementor-element-749402e elementor-section-content-middle elementor-section-boxed elementor-section-height-default elementor-section-height-default\" data-id=\"749402e\" data-element_type=\"section\">\n\t\t\t\t\t\t<div class=\"elementor-container elementor-column-gap-default\">\n\t\t\t\t\t<div class=\"elementor-column elementor-col-50 elementor-top-column elementor-element elementor-element-6c02336\" data-id=\"6c02336\" data-element_type=\"column\">\n\t\t\t<div class=\"elementor-widget-wrap elementor-element-populated\">\n\t\t\t\t\t\t<div class=\"elementor-element elementor-element-9a99330 elementor-widget elementor-widget-image\" data-id=\"9a99330\" data-element_type=\"widget\" data-widget_type=\"image.default\">\n\t\t\t\t<div class=\"elementor-widget-container\">\n\t\t\t\t\t\t\t\t\t\t\t\t\t<img decoding=\"async\" width=\"1024\" height=\"683\" src=\"https:\/\/agroypunto.com\/wp-content\/uploads\/2024\/05\/125-16-1024x683.jpg\" class=\"attachment-large size-large wp-image-645\" alt=\"\" srcset=\"https:\/\/agroypunto.com\/wp-content\/uploads\/2024\/05\/125-16-1024x683.jpg 1024w, https:\/\/agroypunto.com\/wp-content\/uploads\/2024\/05\/125-16-300x200.jpg 300w, https:\/\/agroypunto.com\/wp-content\/uploads\/2024\/05\/125-16-768x512.jpg 768w, https:\/\/agroypunto.com\/wp-content\/uploads\/2024\/05\/125-16-1536x1024.jpg 1536w, https:\/\/agroypunto.com\/wp-content\/uploads\/2024\/05\/125-16-2048x1365.jpg 2048w, https:\/\/agroypunto.com\/wp-content\/uploads\/2024\/05\/125-16-600x400.jpg 600w\" sizes=\"(max-width: 1024px) 100vw, 1024px\" \/>\t\t\t\t\t\t\t\t\t\t\t\t\t<\/div>\n\t\t\t\t<\/div>\n\t\t\t\t\t<\/div>\n\t\t<\/div>\n\t\t\t\t<div class=\"elementor-column elementor-col-50 elementor-top-column elementor-element elementor-element-0fae17f\" data-id=\"0fae17f\" data-element_type=\"column\">\n\t\t\t<div class=\"elementor-widget-wrap elementor-element-populated\">\n\t\t\t\t\t\t<div class=\"elementor-element elementor-element-0fde553 elementor-widget elementor-widget-heading\" data-id=\"0fde553\" data-element_type=\"widget\" data-widget_type=\"heading.default\">\n\t\t\t\t<div class=\"elementor-widget-container\">\n\t\t\t<h2 class=\"elementor-heading-title elementor-size-default\">Venta de Repuestos Originales:\n\n<\/h2>\t\t<\/div>\n\t\t\t\t<\/div>\n\t\t\t\t<div class=\"elementor-element elementor-element-727520e elementor-widget elementor-widget-text-editor\" data-id=\"727520e\" data-element_type=\"widget\" data-widget_type=\"text-editor.default\">\n\t\t\t\t<div class=\"elementor-widget-container\">\n\t\t\t\t\t\t\t<p>Disponemos de repuestos originales Husqvarna para cualquier tipo de maquinaria agr\u00edcola. Garantizamos la compatibilidad y el mejor funcionamiento de las m\u00e1quinas, asegurando que cada pieza cumpla con los est\u00e1ndares de calidad m\u00e1s altos. Nuestra gama de repuestos incluye filtros, correas, cuchillas, lubricantes y m\u00e1s. Adem\u00e1s, contamos con un sistema de gesti\u00f3n de inventario que nos permite mantener un amplio stock y asegurar la disponibilidad inmediata de los repuestos m\u00e1s demandados.<\/p>\t\t\t\t\t\t<\/div>\n\t\t\t\t<\/div>\n\t\t\t\t<div class=\"elementor-element elementor-element-425a707 elementor-widget elementor-widget-button\" data-id=\"425a707\" data-element_type=\"widget\" data-widget_type=\"button.default\">\n\t\t\t\t<div class=\"elementor-widget-container\">\n\t\t\t\t\t<div class=\"elementor-button-wrapper\">\n\t\t\t<a class=\"elementor-button elementor-button-link elementor-size-sm\" href=\"https:\/\/agroypunto.com\/index.php\/sobre-nosotros\/\">\n\t\t\t\t\t\t<span class=\"elementor-button-content-wrapper\">\n\t\t\t\t\t\t<span class=\"elementor-button-icon elementor-align-icon-left\">\n\t\t\t\t<i aria-hidden=\"true\" class=\"icon icon-right-arrow\"><\/i>\t\t\t<\/span>\n\t\t\t\t\t\t\t\t\t<span class=\"elementor-button-text\">Cont\u00e1ctanos<\/span>\n\t\t\t\t\t<\/span>\n\t\t\t\t\t<\/a>\n\t\t<\/div>\n\t\t\t\t<\/div>\n\t\t\t\t<\/div>\n\t\t\t\t\t<\/div>\n\t\t<\/div>\n\t\t\t\t\t<\/div>\n\t\t<\/section>\n\t\t\t\t<section class=\"elementor-section elementor-top-section elementor-element elementor-element-dc0a2d8 elementor-section-content-middle elementor-section-boxed elementor-section-height-default elementor-section-height-default\" data-id=\"dc0a2d8\" data-element_type=\"section\">\n\t\t\t\t\t\t<div class=\"elementor-container elementor-column-gap-default\">\n\t\t\t\t\t<div class=\"elementor-column elementor-col-50 elementor-top-column elementor-element elementor-element-f0f3d0d\" data-id=\"f0f3d0d\" data-element_type=\"column\">\n\t\t\t<div class=\"elementor-widget-wrap elementor-element-populated\">\n\t\t\t\t\t\t<div class=\"elementor-element elementor-element-9d9ebf6 elementor-widget elementor-widget-image\" data-id=\"9d9ebf6\" data-element_type=\"widget\" data-widget_type=\"image.default\">\n\t\t\t\t<div class=\"elementor-widget-container\">\n\t\t\t\t\t\t\t\t\t\t\t\t\t<img loading=\"lazy\" decoding=\"async\" width=\"1024\" height=\"540\" src=\"https:\/\/agroypunto.com\/wp-content\/uploads\/2024\/06\/farmer-hands-plants-and-agriculture-or-fertilizer-2023-11-27-05-19-03-utc-1024x540.jpg\" class=\"attachment-large size-large wp-image-988\" alt=\"\" srcset=\"https:\/\/agroypunto.com\/wp-content\/uploads\/2024\/06\/farmer-hands-plants-and-agriculture-or-fertilizer-2023-11-27-05-19-03-utc-1024x540.jpg 1024w, https:\/\/agroypunto.com\/wp-content\/uploads\/2024\/06\/farmer-hands-plants-and-agriculture-or-fertilizer-2023-11-27-05-19-03-utc-300x158.jpg 300w, https:\/\/agroypunto.com\/wp-content\/uploads\/2024\/06\/farmer-hands-plants-and-agriculture-or-fertilizer-2023-11-27-05-19-03-utc-768x405.jpg 768w, https:\/\/agroypunto.com\/wp-content\/uploads\/2024\/06\/farmer-hands-plants-and-agriculture-or-fertilizer-2023-11-27-05-19-03-utc-1536x810.jpg 1536w, https:\/\/agroypunto.com\/wp-content\/uploads\/2024\/06\/farmer-hands-plants-and-agriculture-or-fertilizer-2023-11-27-05-19-03-utc-2048x1080.jpg 2048w\" sizes=\"(max-width: 1024px) 100vw, 1024px\" \/>\t\t\t\t\t\t\t\t\t\t\t\t\t<\/div>\n\t\t\t\t<\/div>\n\t\t\t\t\t<\/div>\n\t\t<\/div>\n\t\t\t\t<div class=\"elementor-column elementor-col-50 elementor-top-column elementor-element elementor-element-87e7c7d\" data-id=\"87e7c7d\" data-element_type=\"column\">\n\t\t\t<div class=\"elementor-widget-wrap elementor-element-populated\">\n\t\t\t\t\t\t<div class=\"elementor-element elementor-element-a6586d7 elementor-widget elementor-widget-heading\" data-id=\"a6586d7\" data-element_type=\"widget\" data-widget_type=\"heading.default\">\n\t\t\t\t<div class=\"elementor-widget-container\">\n\t\t\t<h2 class=\"elementor-heading-title elementor-size-default\">Venta de Suministros Agr\u00edcolas:\n\n<\/h2>\t\t<\/div>\n\t\t\t\t<\/div>\n\t\t\t\t<div class=\"elementor-element elementor-element-aac6e71 elementor-widget elementor-widget-text-editor\" data-id=\"aac6e71\" data-element_type=\"widget\" data-widget_type=\"text-editor.default\">\n\t\t\t\t<div class=\"elementor-widget-container\">\n\t\t\t\t\t\t\t<p>Ofrecemos una variedad de insumos y accesorios agr\u00edcolas esenciales para el mantenimiento y la operaci\u00f3n eficiente de la maquinaria. Entre nuestros productos se encuentran fertilizantes, pesticidas, herramientas manuales, equipos de protecci\u00f3n personal y m\u00e1s. Todos nuestros suministros est\u00e1n dise\u00f1ados para optimizar el rendimiento y la productividad agr\u00edcola. Adem\u00e1s, brindamos asesor\u00eda t\u00e9cnica para que nuestros clientes puedan seleccionar los insumos m\u00e1s adecuados para sus cultivos y condiciones espec\u00edficas.<\/p>\t\t\t\t\t\t<\/div>\n\t\t\t\t<\/div>\n\t\t\t\t<div class=\"elementor-element elementor-element-df2ed7a elementor-widget elementor-widget-button\" data-id=\"df2ed7a\" data-element_type=\"widget\" data-widget_type=\"button.default\">\n\t\t\t\t<div class=\"elementor-widget-container\">\n\t\t\t\t\t<div class=\"elementor-button-wrapper\">\n\t\t\t<a class=\"elementor-button elementor-button-link elementor-size-sm\" href=\"https:\/\/agroypunto.com\/index.php\/sobre-nosotros\/\">\n\t\t\t\t\t\t<span class=\"elementor-button-content-wrapper\">\n\t\t\t\t\t\t<span class=\"elementor-button-icon elementor-align-icon-left\">\n\t\t\t\t<i aria-hidden=\"true\" class=\"icon icon-right-arrow\"><\/i>\t\t\t<\/span>\n\t\t\t\t\t\t\t\t\t<span class=\"elementor-button-text\">Cont\u00e1ctanos<\/span>\n\t\t\t\t\t<\/span>\n\t\t\t\t\t<\/a>\n\t\t<\/div>\n\t\t\t\t<\/div>\n\t\t\t\t<\/div>\n\t\t\t\t\t<\/div>\n\t\t<\/div>\n\t\t\t\t\t<\/div>\n\t\t<\/section>\n\t\t\t\t<\/div>\n\t\t","protected":false},"excerpt":{"rendered":"<p>Venta de Maquinaria Agr\u00edcola. Ofrecemos una amplia gama de maquinaria agr\u00edcola de alta calidad, dise\u00f1ada para satisfacer diversas necesidades. Nuestra [&hellip;]<\/p>\n","protected":false},"author":1,"featured_media":0,"parent":0,"menu_order":0,"comment_status":"closed","ping_status":"closed","template":"elementor_header_footer","meta":{"site-sidebar-layout":"default","site-content-layout":"","ast-site-content-layout":"","site-content-style":"default","site-sidebar-style":"default","ast-global-header-display":"","ast-banner-title-visibility":"","ast-main-header-display":"","ast-hfb-above-header-display":"","ast-hfb-below-header-display":"","ast-hfb-mobile-header-display":"","site-post-title":"","ast-breadcrumbs-content":"","ast-featured-img":"","footer-sml-layout":"","theme-transparent-header-meta":"","adv-header-id-meta":"","stick-header-meta":"","header-above-stick-meta":"","header-main-stick-meta":"","header-below-stick-meta":"","astra-migrate-meta-layouts":"default","ast-page-background-enabled":"default","ast-page-background-meta":{"desktop":{"background-color":"var(--ast-global-color-4)","background-image":"","background-repeat":"repeat","background-position":"center center","background-size":"auto","background-attachment":"scroll","background-type":"","background-media":"","overlay-type":"","overlay-color":"","overlay-opacity":"","overlay-gradient":""},"tablet":{"background-color":"","background-image":"","background-repeat":"repeat","background-position":"center center","background-size":"auto","background-attachment":"scroll","background-type":"","background-media":"","overlay-type":"","overlay-color":"","overlay-opacity":"","overlay-gradient":""},"mobile":{"background-color":"","background-image":"","background-repeat":"repeat","background-position":"center center","background-size":"auto","background-attachment":"scroll","background-type":"","background-media":"","overlay-type":"","overlay-color":"","overlay-opacity":"","overlay-gradient":""}},"ast-content-background-meta":{"desktop":{"background-color":"var(--ast-global-color-5)","background-image":"","background-repeat":"repeat","background-position":"center center","background-size":"auto","background-attachment":"scroll","background-type":"","background-media":"","overlay-type":"","overlay-color":"","overlay-opacity":"","overlay-gradient":""},"tablet":{"background-color":"var(--ast-global-color-5)","background-image":"","background-repeat":"repeat","background-position":"center center","background-size":"auto","background-attachment":"scroll","background-type":"","background-media":"","overlay-type":"","overlay-color":"","overlay-opacity":"","overlay-gradient":""},"mobile":{"background-color":"var(--ast-global-color-5)","background-image":"","background-repeat":"repeat","background-position":"center center","background-size":"auto","background-attachment":"scroll","background-type":"","background-media":"","overlay-type":"","overlay-color":"","overlay-opacity":"","overlay-gradient":""}},"footnotes":""},"class_list":["post-98","page","type-page","status-publish","hentry"],"_links":{"self":[{"href":"https:\/\/agroypunto.com\/index.php\/wp-json\/wp\/v2\/pages\/98","targetHints":{"allow":["GET"]}}],"collection":[{"href":"https:\/\/agroypunto.com\/index.php\/wp-json\/wp\/v2\/pages"}],"about":[{"href":"https:\/\/agroypunto.com\/index.php\/wp-json\/wp\/v2\/types\/page"}],"author":[{"embeddable":true,"href":"https:\/\/agroypunto.com\/index.php\/wp-json\/wp\/v2\/users\/1"}],"replies":[{"embeddable":true,"href":"https:\/\/agroypunto.com\/index.php\/wp-json\/wp\/v2\/comments?post=98"}],"version-history":[{"count":49,"href":"https:\/\/agroypunto.com\/index.php\/wp-json\/wp\/v2\/pages\/98\/revisions"}],"predecessor-version":[{"id":1061,"href":"https:\/\/agroypunto.com\/index.php\/wp-json\/wp\/v2\/pages\/98\/revisions\/1061"}],"wp:attachment":[{"href":"https:\/\/agroypunto.com\/index.php\/wp-json\/wp\/v2\/media?parent=98"}],"curies":[{"name":"wp","href":"https:\/\/api.w.org\/{rel}","templated":true}]}}